{"id":1712,"date":"2024-07-22T11:01:35","date_gmt":"2024-07-22T09:01:35","guid":{"rendered":"https:\/\/www.gerbil-irrigation.com\/sensores-de-humedad-del-suelo\/"},"modified":"2026-03-21T19:01:41","modified_gmt":"2026-03-21T18:01:41","slug":"sensores-de-humedad-del-suelo","status":"publish","type":"page","link":"https:\/\/www.gerbil-irrigation.com\/es\/sensores-de-humedad-del-suelo\/","title":{"rendered":"Sensores de humedad del suelo"},"content":{"rendered":"<h1>GERBIL Sondas de humedad<\/h1>\n<p>\t\t\t\t\t\t\t\t\t\t\t\t\t<img decoding=\"async\" width=\"109\" height=\"300\" src=\"https:\/\/www.gerbil-irrigation.com\/wp-content\/uploads\/2024\/05\/sonda-de-humedad_GERBIL-e1714651160897-109x300.png\" alt=\"\" srcset=\"https:\/\/www.gerbil-irrigation.com\/wp-content\/uploads\/2024\/05\/sonda-de-humedad_GERBIL-e1714651160897-109x300.png 109w, https:\/\/www.gerbil-irrigation.com\/wp-content\/uploads\/2024\/05\/sonda-de-humedad_GERBIL-e1714651160897-373x1024.png 373w, https:\/\/www.gerbil-irrigation.com\/wp-content\/uploads\/2024\/05\/sonda-de-humedad_GERBIL-e1714651160897-768x2109.png 768w, https:\/\/www.gerbil-irrigation.com\/wp-content\/uploads\/2024\/05\/sonda-de-humedad_GERBIL-e1714651160897-559x1536.png 559w, https:\/\/www.gerbil-irrigation.com\/wp-content\/uploads\/2024\/05\/sonda-de-humedad_GERBIL-e1714651160897-746x2048.png 746w, https:\/\/www.gerbil-irrigation.com\/wp-content\/uploads\/2024\/05\/sonda-de-humedad_GERBIL-e1714651160897.png 1346w\" sizes=\"(max-width: 109px) 100vw, 109px\" \/><br \/>\n\t\tLa <strong>sonda de humedad GERBIL<\/strong> es una sonda para medir el contenido volum\u00e9trico de agua en el suelo. Es una sonda tubular, de f\u00e1cil inserci\u00f3n en el suelo, con sensores capacitivos de precisi\u00f3n distribuidos a lo largo de la sonda, lo que resulta en <b>una soluci\u00f3n rentable para medir la humedad del suelo a diferentes profundidades,<\/b> eliminando la necesidad de introducir m\u00faltiples sensores a diferentes profundidades con con el consiguiente coste asociado a la instalaci\u00f3n y al asegurar la estimaci\u00f3n de la humedad en la misma vertical del perfil del suelo, aspecto importante para el estudio de la din\u00e1mica del agua en el suelo. La sonda <b>est\u00e1 completamente sellada internamente protegiendo los sensores <\/b> y la electr\u00f3nica de la humedad y agentes externos. La sonda <b>adem\u00e1s tiene sensores de temperatura al lado de cada sensor de humedad.<\/b> Estas caracter\u00edsticas hacen que la sonda de humedad GERBIL sea ideal para el an\u00e1lisis de la din\u00e1mica del agua del suelo, proporcionando un conocimiento m\u00e1s detallado de las variaciones de humedad y del flujo de agua en el perfil del suelo. La sonda GERBIL es ideal para controlar el agua en el suelo, sobre todo en zonas de regad\u00edo, donde es necesario un control preciso de las necesidades h\u00eddricas.<br \/>\n\t\t\t<a href=\"mailto:info@iedcompany.com\"><br \/>\n\t\t\t\t\t\t\t\t\tContacta con nosotros<br \/>\n\t\t\t\t\t<\/a><\/p>\n<style>\/*! elementor - v3.23.0 - 15-07-2024 *\/\n.elementor-column .elementor-spacer-inner{height:var(--spacer-size)}.e-con{--container-widget-width:100%}.e-con-inner>.elementor-widget-spacer,.e-con>.elementor-widget-spacer{width:var(--container-widget-width,var(--spacer-size));--align-self:var(--container-widget-align-self,initial);--flex-shrink:0}.e-con-inner>.elementor-widget-spacer>.elementor-widget-container,.e-con>.elementor-widget-spacer>.elementor-widget-container{height:100%;width:100%}.e-con-inner>.elementor-widget-spacer>.elementor-widget-container>.elementor-spacer,.e-con>.elementor-widget-spacer>.elementor-widget-container>.elementor-spacer{height:100%}.e-con-inner>.elementor-widget-spacer>.elementor-widget-container>.elementor-spacer>.elementor-spacer-inner,.e-con>.elementor-widget-spacer>.elementor-widget-container>.elementor-spacer>.elementor-spacer-inner{height:var(--container-widget-height,var(--spacer-size))}.e-con-inner>.elementor-widget-spacer.elementor-widget-empty,.e-con>.elementor-widget-spacer.elementor-widget-empty{position:relative;min-height:22px;min-width:22px}.e-con-inner>.elementor-widget-spacer.elementor-widget-empty .elementor-widget-empty-icon,.e-con>.elementor-widget-spacer.elementor-widget-empty .elementor-widget-empty-icon{position:absolute;top:0;bottom:0;left:0;right:0;margin:auto;padding:0;width:22px;height:22px}<\/style>\n<h2>Modelos de sonda Gerbil<\/h2>\n<h5>Nuestra serie comprende los siguientes tama\u00f1os de sonda y n\u00fameros de sensores:<\/h5>\n<figure><img fetchpriority=\"high\" decoding=\"async\" width=\"783\" height=\"118\" src=\"https:\/\/www.gerbil-irrigation.com\/wp-content\/uploads\/2024\/04\/GERBIL_sonda-2.02-e1714483782623.png\" alt=\"\" \/><\/figure>\n<h4>Gerbil 2.02<\/h4>\n<p><b>N\u00famero de sensores:<\/b> 2<br \/><b>Distancia entre sensores:<\/b> 100mm<br \/><b>Profundidad del \u00faltimo sensor:<\/b> 200 mm<br \/><b>Longitud total de la sonda:<\/b> 290 mm<\/p>\n<figure><img decoding=\"async\" width=\"1006\" height=\"134\" src=\"https:\/\/www.gerbil-irrigation.com\/wp-content\/uploads\/2024\/04\/GERBIL_sonda-3.03.png\" alt=\"\" \/><\/figure>\n<h4>Gerbil 3.03<\/h4>\n<p><b>N\u00famero de sensores: <\/b>3<br \/><b>Distancia entre sensores: <\/b>100mm<br \/><b>Profundidad del \u00faltimo sensor:<\/b> 300 mm<br \/><b>Longitud total de la sonda:<\/b> 390 mm<\/p>\n<figure><img loading=\"lazy\" decoding=\"async\" width=\"1241\" height=\"126\" src=\"https:\/\/www.gerbil-irrigation.com\/wp-content\/uploads\/2024\/04\/GERBIL_sonda-4.04.png\" alt=\"\" \/><\/figure>\n<h4>Gerbil 4.04<\/h4>\n<p><b>N\u00famero de sensores:<\/b> 4<br \/><b>Distancia entre sensores: <\/b>100mm<br \/><b>Profundidad del \u00faltimo sensor: <\/b>400 mm<br \/><b>Longitud total de la sonda: <\/b>490 mm<\/p>\n<figure><img loading=\"lazy\" decoding=\"async\" width=\"1723\" height=\"135\" src=\"https:\/\/www.gerbil-irrigation.com\/wp-content\/uploads\/2024\/04\/GERBIL_sonda-6.06.png\" alt=\"\" \/><\/figure>\n<h4>Gerbil 6.06<\/h4>\n<p><b>N\u00famero de sensores:<\/b> 6<br \/><b>Distancia entre sensores: <\/b>100mm<br \/><b>Profundidad del \u00faltimo sensor:<\/b> 600 mm<br \/><b>Longitud total de la sonda: <\/b>690 mm<\/p>\n<figure><img loading=\"lazy\" decoding=\"async\" width=\"2201\" height=\"134\" src=\"https:\/\/www.gerbil-irrigation.com\/wp-content\/uploads\/2024\/04\/GERBIL_sonda-8.06.png\" alt=\"\" \/><\/figure>\n<h4>Gerbil 8.06<\/h4>\n<p><b>N\u00famero de sensores:<\/b> 6<br \/><b>Distancia entre sensores: <\/b>100.200mm<br \/><b>Profundidad del \u00faltimo sensor: <\/b>800 mm<br \/><b>Longitud total de la sonda: <\/b>890 mm<\/p>\n<figure><img loading=\"lazy\" decoding=\"async\" width=\"3164\" height=\"145\" src=\"https:\/\/www.gerbil-irrigation.com\/wp-content\/uploads\/2024\/04\/GERBIL_sonda-12.08.png\" alt=\"\" \/><\/figure>\n<h4>Gerbil 12.08<\/h4>\n<p><b>Number of sensors:<\/b> 8<br \/><b>Distance between sensors:<\/b> 100,200mm<br \/><b>Depth of last sensor:<\/b> 1200mm<br \/><b>Total probe length:<\/b> 1290mm<\/p>\n<h2>Caracter\u00edsticas principales<\/h2>\n<h5>Algunas caracter\u00edsticas clave de nuestra sonda de humedad del suelo GERBIL incluyen:<\/h5>\n<ul>\n<li>Explora el volumen m\u00e1ximo de suelo por sensor <strong>para mediciones m\u00e1s representativas.<\/strong><\/li>\n<li><strong>Sensor de temperatura integrado<\/strong> para compensaci\u00f3n t\u00e9rmica de lecturas de humedad.<\/li>\n<li><strong>Instalaci\u00f3n f\u00e1cil y r\u00e1pida<\/strong> sin alterar la estructura del suelo.<\/li>\n<li><strong>Precalibrado con opciones <\/strong> ajustables por el usuario.<\/li>\n<li>Ofrece <strong>m\u00faltiples configuraciones de longitud de sonda y cable.<\/strong><\/li>\n<li>Comunicaci\u00f3n est\u00e1ndar SDI-12, <strong>adaptable a otros protocolos.<\/strong><\/li>\n<li><strong>Soporte t\u00e9cnico<\/strong> para la integraci\u00f3n en los sistemas del cliente.<\/li>\n<\/ul>\n<p>\t\t\t<svg aria-hidden=\"true\" viewBox=\"0 0 512 512\" xmlns=\"http:\/\/www.w3.org\/2000\/svg\"><path d=\"M494.2 221.9l-59.8-40.5 13.7-71c2.6-13.2-1.6-26.8-11.1-36.4-9.6-9.5-23.2-13.7-36.2-11.1l-70.9 13.7-40.4-59.9c-15.1-22.3-51.9-22.3-67 0l-40.4 59.9-70.8-13.7C98 60.4 84.5 64.5 75 74.1c-9.5 9.6-13.7 23.1-11.1 36.3l13.7 71-59.8 40.5C6.6 229.5 0 242 0 255.5s6.7 26 17.8 33.5l59.8 40.5-13.7 71c-2.6 13.2 1.6 26.8 11.1 36.3 9.5 9.5 22.9 13.7 36.3 11.1l70.8-13.7 40.4 59.9C230 505.3 242.6 512 256 512s26-6.7 33.5-17.8l40.4-59.9 70.9 13.7c13.4 2.7 26.8-1.6 36.3-11.1 9.5-9.5 13.6-23.1 11.1-36.3l-13.7-71 59.8-40.5c11.1-7.5 17.8-20.1 17.8-33.5-.1-13.6-6.7-26.1-17.9-33.7zm-112.9 85.6l17.6 91.2-91-17.6L256 458l-51.9-77-90.9 17.6 17.6-91.2-76.8-52 76.8-52-17.6-91.2 91 17.6L256 53l51.9 76.9 91-17.6-17.6 91.1 76.8 52-76.8 52.1zM256 152c-57.3 0-104 46.7-104 104s46.7 104 104 104 104-46.7 104-104-46.7-104-104-104zm0 160c-30.9 0-56-25.1-56-56s25.1-56 56-56 56 25.1 56 56-25.1 56-56 56z\"><\/path><\/svg>\t\t\t<\/p>\n<h2>Instalaci\u00f3n<\/h2>\n<p>La sonda de humedad de la serie Gerbil tiene un di\u00e1metro de 33,5 mm.<\/p>\n<p>Para su instalaci\u00f3n en el suelo, requiere una perforaci\u00f3n previa en el terreno con una broca est\u00e1ndar de 35 mm.<\/p>\n<p>\t\t\t<svg aria-hidden=\"true\" viewBox=\"0 0 512 512\" xmlns=\"http:\/\/www.w3.org\/2000\/svg\"><path d=\"M434.66,167.71h0L344.5,77.36a31.83,31.83,0,0,0-45-.07h0l-.07.07L224,152.88V424L434.66,212.9A32,32,0,0,0,434.66,167.71ZM480,320H373.09L186.68,506.51c-2.06,2.07-4.5,3.58-6.68,5.49H480a32,32,0,0,0,32-32V352A32,32,0,0,0,480,320ZM192,32A32,32,0,0,0,160,0H32A32,32,0,0,0,0,32V416a96,96,0,0,0,192,0ZM96,440a24,24,0,1,1,24-24A24,24,0,0,1,96,440Zm32-184H64V192h64Zm0-128H64V64h64Z\"><\/path><\/svg>\t\t\t<\/p>\n<h3>Calibraci\u00f3n<\/h3>\n<p>La sonda Gerbil se suministra calibrada de f\u00e1brica para un tipo de suelo mixto, y el usuario puede calibrarla posteriormente para otros tipos de suelo.<\/p>\n<h2>Tecnolog\u00eda de sensores de humedad<\/h2>\n<h5>La din\u00e1mica del agua en el suelo var\u00eda espacialmente debido al clima, la topograf\u00eda y las propiedades del suelo, y temporalmente debido a la utilizaci\u00f3n y redistribuci\u00f3n a trav\u00e9s del flujo subterr\u00e1neo:<\/h5>\n<p>\t\t\t\t\t\t\t\t\t\t\t\t\t<img loading=\"lazy\" decoding=\"async\" width=\"800\" height=\"400\" src=\"https:\/\/www.gerbil-irrigation.com\/wp-content\/uploads\/2024\/07\/grafica_vision-del-agua_sin-fondo-13-1024x512.png\" alt=\"\" srcset=\"https:\/\/www.gerbil-irrigation.com\/wp-content\/uploads\/2024\/07\/grafica_vision-del-agua_sin-fondo-13-1024x512.png 1024w, https:\/\/www.gerbil-irrigation.com\/wp-content\/uploads\/2024\/07\/grafica_vision-del-agua_sin-fondo-13-300x150.png 300w, https:\/\/www.gerbil-irrigation.com\/wp-content\/uploads\/2024\/07\/grafica_vision-del-agua_sin-fondo-13-768x384.png 768w, https:\/\/www.gerbil-irrigation.com\/wp-content\/uploads\/2024\/07\/grafica_vision-del-agua_sin-fondo-13-1536x768.png 1536w, https:\/\/www.gerbil-irrigation.com\/wp-content\/uploads\/2024\/07\/grafica_vision-del-agua_sin-fondo-13-2048x1024.png 2048w\" sizes=\"(max-width: 800px) 100vw, 800px\" \/>\t\t\t\t\t\t\t\t\t\t\t\t\t<\/p>\n<p>La <strong>sonda de humedad GERBIL<\/strong> utiliza sensores capacitivos para medir la humedad del suelo. Por tanto, es la tecnolog\u00eda <strong>FDR<\/strong> (Reflectometr\u00eda en el Dominio de la Frecuencia) la que permite detectar el nivel de humedad del suelo cerca de los sensores de la sonda, detectando las variaciones de la frecuencia de resonancia debidas a las variaciones de la capacitancia de los electrodos del sensor.<\/p>\n<p>El <strong>principio de funcionamiento es el siguiente:<\/strong> la capacitancia depende de la permitividad el\u00e9ctrica del medio entre los dos electrodos de un sensor, disponiendo los electrodos hacia el exterior con las dimensiones y orientaci\u00f3n adecuadas, la permitividad el\u00e9ctrica del suelo es determinante en el valor de capacitancia del sensor. La permitividad el\u00e9ctrica del agua es 80 veces mayor que la del aire; por tanto, cuando el suelo est\u00e1 h\u00famedo, la permitividad el\u00e9ctrica del suelo aumenta, elevando el valor de la capacitancia, y esto modifica la frecuencia de resonancia del sensor.<\/p>\n<p>Sin embargo, no s\u00f3lo la permitividad el\u00e9ctrica del suelo afecta a la capacitancia entre los electrodos, sino que tambi\u00e9n la salinidad del suelo puede modificar el valor de la capacitancia. Para evitar mediciones incorrectas de la humedad debido al efecto de la salinidad, deben utilizarse frecuencias suficientemente altas en el sensor, superiores a 30MHz. Por esta raz\u00f3n,<strong> los sensores de sonda de humedad GERBIL funcionan a una frecuencia superior a 60MHz.<\/strong><\/p>\n<p>Los sensores de humedad de la sonda pueden detectar agua a m\u00e1s de ocho cent\u00edmetros de la superficie de la sonda, sin embargo, como todos los sensores basados en la variaci\u00f3n diurna del rango diel\u00e9ctrico de la sonda, pueden detectar agua a m\u00e1s de ocho cent\u00edmetros de la superficie de la sonda. Sensores basados en la variaci\u00f3n diel\u00e9ctrica, la humedad m\u00e1s pr\u00f3xima a la superficie de la sonda influye m\u00e1s en la medici\u00f3n del sensor que la humedad m\u00e1s alejada. Por tanto, el suelo m\u00e1s pr\u00f3ximo a la sonda influye m\u00e1s en la medici\u00f3n de la humedad que el m\u00e1s alejado.<\/p>\n<p>\t\t\t<a href=\"https:\/\/www.iedcompany.com\/support\/DS_sonda%20de%20humedad_serie%20GERBIL_v2.pdf\" target=\"_blank\"><br \/>\n\t\t\t\t<svg aria-hidden=\"true\" viewBox=\"0 0 384 512\" xmlns=\"http:\/\/www.w3.org\/2000\/svg\"><path d=\"M369.9 97.9L286 14C277 5 264.8-.1 252.1-.1H48C21.5 0 0 21.5 0 48v416c0 26.5 21.5 48 48 48h288c26.5 0 48-21.5 48-48V131.9c0-12.7-5.1-25-14.1-34zM332.1 128H256V51.9l76.1 76.1zM48 464V48h160v104c0 13.3 10.7 24 24 24h104v288H48z\"><\/path><\/svg><br \/>\n\t\t\t\t\t\t\t\t\tVER FICHA T\u00c9CNICA<br \/>\n\t\t\t\t\t<\/a><\/p>\n","protected":false},"excerpt":{"rendered":"<p>GERBIL Sondas de humedad La sonda de humedad GERBIL es una sonda para medir el contenido volum\u00e9trico de agua en el suelo. Es una sonda tubular, de f\u00e1cil inserci\u00f3n en el suelo, con sensores capacitivos de precisi\u00f3n distribuidos a lo largo de la sonda, lo que resulta en una soluci\u00f3n rentable para medir la humedad [&hellip;]<\/p>\n","protected":false},"author":3,"featured_media":0,"parent":0,"menu_order":0,"comment_status":"closed","ping_status":"closed","template":"","meta":{"footnotes":""},"class_list":["post-1712","page","type-page","status-publish","hentry"],"yoast_head":"<!-- This site is optimized with the Yoast SEO plugin v27.4 - https:\/\/yoast.com\/product\/yoast-seo-wordpress\/ -->\n<title>Sonda de humedad profesional | Gerbil Irrigation<\/title>\n<meta name=\"description\" content=\"Descubre nuestras sondas para el monitoreo preciso del perfil de humedad del suelo en m\u00faltiples profundidades. \u00a1Optimiza tu gesti\u00f3n agr\u00edcola hoy!\" \/>\n<meta name=\"robots\" content=\"index, follow, max-snippet:-1, max-image-preview:large, max-video-preview:-1\" \/>\n<link rel=\"canonical\" href=\"https:\/\/www.gerbil-irrigation.com\/es\/sensores-de-humedad-del-suelo\/\" \/>\n<meta property=\"og:locale\" content=\"es_ES\" \/>\n<meta property=\"og:type\" content=\"article\" \/>\n<meta property=\"og:title\" content=\"Sonda de humedad profesional | Gerbil Irrigation\" \/>\n<meta property=\"og:description\" content=\"Descubre nuestras sondas para el monitoreo preciso del perfil de humedad del suelo en m\u00faltiples profundidades. \u00a1Optimiza tu gesti\u00f3n agr\u00edcola hoy!\" \/>\n<meta property=\"og:url\" content=\"https:\/\/www.gerbil-irrigation.com\/es\/sensores-de-humedad-del-suelo\/\" \/>\n<meta property=\"og:site_name\" content=\"Gerbil Irrigation\" \/>\n<meta property=\"article:modified_time\" content=\"2026-03-21T18:01:41+00:00\" \/>\n<meta property=\"og:image\" content=\"https:\/\/www.gerbil-irrigation.com\/wp-content\/uploads\/2024\/05\/sonda-de-humedad_GERBIL-e1714651160897-109x300.png\" \/>\n<meta name=\"twitter:card\" content=\"summary_large_image\" \/>\n<meta name=\"twitter:label1\" content=\"Tiempo de lectura\" \/>\n\t<meta name=\"twitter:data1\" content=\"7 minutos\" \/>\n<script type=\"application\/ld+json\" class=\"yoast-schema-graph\">{\"@context\":\"https:\\\/\\\/schema.org\",\"@graph\":[{\"@type\":\"WebPage\",\"@id\":\"https:\\\/\\\/www.gerbil-irrigation.com\\\/es\\\/sensores-de-humedad-del-suelo\\\/\",\"url\":\"https:\\\/\\\/www.gerbil-irrigation.com\\\/es\\\/sensores-de-humedad-del-suelo\\\/\",\"name\":\"Sonda de humedad profesional | Gerbil Irrigation\",\"isPartOf\":{\"@id\":\"https:\\\/\\\/www.gerbil-irrigation.com\\\/es\\\/#website\"},\"primaryImageOfPage\":{\"@id\":\"https:\\\/\\\/www.gerbil-irrigation.com\\\/es\\\/sensores-de-humedad-del-suelo\\\/#primaryimage\"},\"image\":{\"@id\":\"https:\\\/\\\/www.gerbil-irrigation.com\\\/es\\\/sensores-de-humedad-del-suelo\\\/#primaryimage\"},\"thumbnailUrl\":\"https:\\\/\\\/www.gerbil-irrigation.com\\\/wp-content\\\/uploads\\\/2024\\\/05\\\/sonda-de-humedad_GERBIL-e1714651160897-109x300.png\",\"datePublished\":\"2024-07-22T09:01:35+00:00\",\"dateModified\":\"2026-03-21T18:01:41+00:00\",\"description\":\"Descubre nuestras sondas para el monitoreo preciso del perfil de humedad del suelo en m\u00faltiples profundidades. \u00a1Optimiza tu gesti\u00f3n agr\u00edcola hoy!\",\"breadcrumb\":{\"@id\":\"https:\\\/\\\/www.gerbil-irrigation.com\\\/es\\\/sensores-de-humedad-del-suelo\\\/#breadcrumb\"},\"inLanguage\":\"es\",\"potentialAction\":[{\"@type\":\"ReadAction\",\"target\":[\"https:\\\/\\\/www.gerbil-irrigation.com\\\/es\\\/sensores-de-humedad-del-suelo\\\/\"]}]},{\"@type\":\"ImageObject\",\"inLanguage\":\"es\",\"@id\":\"https:\\\/\\\/www.gerbil-irrigation.com\\\/es\\\/sensores-de-humedad-del-suelo\\\/#primaryimage\",\"url\":\"https:\\\/\\\/www.gerbil-irrigation.com\\\/wp-content\\\/uploads\\\/2024\\\/05\\\/sonda-de-humedad_GERBIL-e1714651160897-109x300.png\",\"contentUrl\":\"https:\\\/\\\/www.gerbil-irrigation.com\\\/wp-content\\\/uploads\\\/2024\\\/05\\\/sonda-de-humedad_GERBIL-e1714651160897-109x300.png\"},{\"@type\":\"BreadcrumbList\",\"@id\":\"https:\\\/\\\/www.gerbil-irrigation.com\\\/es\\\/sensores-de-humedad-del-suelo\\\/#breadcrumb\",\"itemListElement\":[{\"@type\":\"ListItem\",\"position\":1,\"name\":\"Portada\",\"item\":\"https:\\\/\\\/www.gerbil-irrigation.com\\\/es\\\/\"},{\"@type\":\"ListItem\",\"position\":2,\"name\":\"Sensores de humedad del suelo\"}]},{\"@type\":\"WebSite\",\"@id\":\"https:\\\/\\\/www.gerbil-irrigation.com\\\/es\\\/#website\",\"url\":\"https:\\\/\\\/www.gerbil-irrigation.com\\\/es\\\/\",\"name\":\"Gerbil Irrigation\",\"description\":\"Water-wise harvesting\",\"publisher\":{\"@id\":\"https:\\\/\\\/www.gerbil-irrigation.com\\\/es\\\/#organization\"},\"potentialAction\":[{\"@type\":\"SearchAction\",\"target\":{\"@type\":\"EntryPoint\",\"urlTemplate\":\"https:\\\/\\\/www.gerbil-irrigation.com\\\/es\\\/?s={search_term_string}\"},\"query-input\":{\"@type\":\"PropertyValueSpecification\",\"valueRequired\":true,\"valueName\":\"search_term_string\"}}],\"inLanguage\":\"es\"},{\"@type\":\"Organization\",\"@id\":\"https:\\\/\\\/www.gerbil-irrigation.com\\\/es\\\/#organization\",\"name\":\"Gerbil Irrigation\",\"url\":\"https:\\\/\\\/www.gerbil-irrigation.com\\\/es\\\/\",\"logo\":{\"@type\":\"ImageObject\",\"inLanguage\":\"es\",\"@id\":\"https:\\\/\\\/www.gerbil-irrigation.com\\\/es\\\/#\\\/schema\\\/logo\\\/image\\\/\",\"url\":\"https:\\\/\\\/www.gerbil-irrigation.com\\\/wp-content\\\/uploads\\\/2024\\\/05\\\/LOGO-GERBIL-claim-06-1.png\",\"contentUrl\":\"https:\\\/\\\/www.gerbil-irrigation.com\\\/wp-content\\\/uploads\\\/2024\\\/05\\\/LOGO-GERBIL-claim-06-1.png\",\"width\":1903,\"height\":1005,\"caption\":\"Gerbil Irrigation\"},\"image\":{\"@id\":\"https:\\\/\\\/www.gerbil-irrigation.com\\\/es\\\/#\\\/schema\\\/logo\\\/image\\\/\"}}]}<\/script>\n<!-- \/ Yoast SEO plugin. -->","yoast_head_json":{"title":"Sonda de humedad profesional | Gerbil Irrigation","description":"Descubre nuestras sondas para el monitoreo preciso del perfil de humedad del suelo en m\u00faltiples profundidades. \u00a1Optimiza tu gesti\u00f3n agr\u00edcola hoy!","robots":{"index":"index","follow":"follow","max-snippet":"max-snippet:-1","max-image-preview":"max-image-preview:large","max-video-preview":"max-video-preview:-1"},"canonical":"https:\/\/www.gerbil-irrigation.com\/es\/sensores-de-humedad-del-suelo\/","og_locale":"es_ES","og_type":"article","og_title":"Sonda de humedad profesional | Gerbil Irrigation","og_description":"Descubre nuestras sondas para el monitoreo preciso del perfil de humedad del suelo en m\u00faltiples profundidades. \u00a1Optimiza tu gesti\u00f3n agr\u00edcola hoy!","og_url":"https:\/\/www.gerbil-irrigation.com\/es\/sensores-de-humedad-del-suelo\/","og_site_name":"Gerbil Irrigation","article_modified_time":"2026-03-21T18:01:41+00:00","og_image":[{"url":"https:\/\/www.gerbil-irrigation.com\/wp-content\/uploads\/2024\/05\/sonda-de-humedad_GERBIL-e1714651160897-109x300.png","type":"","width":"","height":""}],"twitter_card":"summary_large_image","twitter_misc":{"Tiempo de lectura":"7 minutos"},"schema":{"@context":"https:\/\/schema.org","@graph":[{"@type":"WebPage","@id":"https:\/\/www.gerbil-irrigation.com\/es\/sensores-de-humedad-del-suelo\/","url":"https:\/\/www.gerbil-irrigation.com\/es\/sensores-de-humedad-del-suelo\/","name":"Sonda de humedad profesional | Gerbil Irrigation","isPartOf":{"@id":"https:\/\/www.gerbil-irrigation.com\/es\/#website"},"primaryImageOfPage":{"@id":"https:\/\/www.gerbil-irrigation.com\/es\/sensores-de-humedad-del-suelo\/#primaryimage"},"image":{"@id":"https:\/\/www.gerbil-irrigation.com\/es\/sensores-de-humedad-del-suelo\/#primaryimage"},"thumbnailUrl":"https:\/\/www.gerbil-irrigation.com\/wp-content\/uploads\/2024\/05\/sonda-de-humedad_GERBIL-e1714651160897-109x300.png","datePublished":"2024-07-22T09:01:35+00:00","dateModified":"2026-03-21T18:01:41+00:00","description":"Descubre nuestras sondas para el monitoreo preciso del perfil de humedad del suelo en m\u00faltiples profundidades. \u00a1Optimiza tu gesti\u00f3n agr\u00edcola hoy!","breadcrumb":{"@id":"https:\/\/www.gerbil-irrigation.com\/es\/sensores-de-humedad-del-suelo\/#breadcrumb"},"inLanguage":"es","potentialAction":[{"@type":"ReadAction","target":["https:\/\/www.gerbil-irrigation.com\/es\/sensores-de-humedad-del-suelo\/"]}]},{"@type":"ImageObject","inLanguage":"es","@id":"https:\/\/www.gerbil-irrigation.com\/es\/sensores-de-humedad-del-suelo\/#primaryimage","url":"https:\/\/www.gerbil-irrigation.com\/wp-content\/uploads\/2024\/05\/sonda-de-humedad_GERBIL-e1714651160897-109x300.png","contentUrl":"https:\/\/www.gerbil-irrigation.com\/wp-content\/uploads\/2024\/05\/sonda-de-humedad_GERBIL-e1714651160897-109x300.png"},{"@type":"BreadcrumbList","@id":"https:\/\/www.gerbil-irrigation.com\/es\/sensores-de-humedad-del-suelo\/#breadcrumb","itemListElement":[{"@type":"ListItem","position":1,"name":"Portada","item":"https:\/\/www.gerbil-irrigation.com\/es\/"},{"@type":"ListItem","position":2,"name":"Sensores de humedad del suelo"}]},{"@type":"WebSite","@id":"https:\/\/www.gerbil-irrigation.com\/es\/#website","url":"https:\/\/www.gerbil-irrigation.com\/es\/","name":"Gerbil Irrigation","description":"Water-wise harvesting","publisher":{"@id":"https:\/\/www.gerbil-irrigation.com\/es\/#organization"},"potentialAction":[{"@type":"SearchAction","target":{"@type":"EntryPoint","urlTemplate":"https:\/\/www.gerbil-irrigation.com\/es\/?s={search_term_string}"},"query-input":{"@type":"PropertyValueSpecification","valueRequired":true,"valueName":"search_term_string"}}],"inLanguage":"es"},{"@type":"Organization","@id":"https:\/\/www.gerbil-irrigation.com\/es\/#organization","name":"Gerbil Irrigation","url":"https:\/\/www.gerbil-irrigation.com\/es\/","logo":{"@type":"ImageObject","inLanguage":"es","@id":"https:\/\/www.gerbil-irrigation.com\/es\/#\/schema\/logo\/image\/","url":"https:\/\/www.gerbil-irrigation.com\/wp-content\/uploads\/2024\/05\/LOGO-GERBIL-claim-06-1.png","contentUrl":"https:\/\/www.gerbil-irrigation.com\/wp-content\/uploads\/2024\/05\/LOGO-GERBIL-claim-06-1.png","width":1903,"height":1005,"caption":"Gerbil Irrigation"},"image":{"@id":"https:\/\/www.gerbil-irrigation.com\/es\/#\/schema\/logo\/image\/"}}]}},"_links":{"self":[{"href":"https:\/\/www.gerbil-irrigation.com\/es\/wp-json\/wp\/v2\/pages\/1712","targetHints":{"allow":["GET"]}}],"collection":[{"href":"https:\/\/www.gerbil-irrigation.com\/es\/wp-json\/wp\/v2\/pages"}],"about":[{"href":"https:\/\/www.gerbil-irrigation.com\/es\/wp-json\/wp\/v2\/types\/page"}],"author":[{"embeddable":true,"href":"https:\/\/www.gerbil-irrigation.com\/es\/wp-json\/wp\/v2\/users\/3"}],"replies":[{"embeddable":true,"href":"https:\/\/www.gerbil-irrigation.com\/es\/wp-json\/wp\/v2\/comments?post=1712"}],"version-history":[{"count":65,"href":"https:\/\/www.gerbil-irrigation.com\/es\/wp-json\/wp\/v2\/pages\/1712\/revisions"}],"predecessor-version":[{"id":2151,"href":"https:\/\/www.gerbil-irrigation.com\/es\/wp-json\/wp\/v2\/pages\/1712\/revisions\/2151"}],"wp:attachment":[{"href":"https:\/\/www.gerbil-irrigation.com\/es\/wp-json\/wp\/v2\/media?parent=1712"}],"curies":[{"name":"wp","href":"https:\/\/api.w.org\/{rel}","templated":true}]}}